{"id":2219,"date":"2024-01-25T16:47:27","date_gmt":"2024-01-25T22:47:27","guid":{"rendered":"http:\/\/www.mastriplay.com\/portal\/product\/mas-triplay-cubiertas-para-cocina-travertine\/"},"modified":"2024-02-18T19:14:34","modified_gmt":"2024-02-19T01:14:34","slug":"mas-triplay-cubiertas-para-cocina-travertine","status":"publish","type":"product","link":"https:\/\/www.mastriplay.com\/portal\/product\/mas-triplay-cubiertas-para-cocina-travertine\/","title":{"rendered":"Mas Triplay  Cubiertas para Cocina Travertine"},"content":{"rendered":"<p>Las cubiertas para Cocina mas triplay cuentan con excelente resistencia al agua y al uso com\u00fan en las cocinas, con dise\u00f1os diversos que har\u00e1n que tu dise\u00f1o sea mas funcional<\/p>\n","protected":false},"excerpt":{"rendered":"<p>Las cubiertas para Cocina mas triplay cuentan con excelente resistencia al agua y al uso com\u00fan en las cocinas, con dise\u00f1os diversos que har\u00e1n que tu dise\u00f1o sea mas funcional<\/p>\n","protected":false},"featured_media":3331,"comment_status":"closed","ping_status":"closed","template":"","meta":[],"product_brand":[],"product_cat":[33],"product_tag":[302,217,325],"class_list":{"0":"post-2219","1":"product","2":"type-product","3":"status-publish","4":"has-post-thumbnail","6":"product_cat-cubiertas","7":"product_tag-cubiertas-para-cocina","8":"product_tag-mas-triplay","9":"product_tag-travertine","11":"first","12":"instock","13":"taxable","14":"shipping-taxable","15":"product-type-simple"},"_links":{"self":[{"href":"https:\/\/www.mastriplay.com\/portal\/wp-json\/wp\/v2\/product\/2219","targetHints":{"allow":["GET"]}}],"collection":[{"href":"https:\/\/www.mastriplay.com\/portal\/wp-json\/wp\/v2\/product"}],"about":[{"href":"https:\/\/www.mastriplay.com\/portal\/wp-json\/wp\/v2\/types\/product"}],"replies":[{"embeddable":true,"href":"https:\/\/www.mastriplay.com\/portal\/wp-json\/wp\/v2\/comments?post=2219"}],"version-history":[{"count":2,"href":"https:\/\/www.mastriplay.com\/portal\/wp-json\/wp\/v2\/product\/2219\/revisions"}],"predecessor-version":[{"id":3333,"href":"https:\/\/www.mastriplay.com\/portal\/wp-json\/wp\/v2\/product\/2219\/revisions\/3333"}],"wp:featuredmedia":[{"embeddable":true,"href":"https:\/\/www.mastriplay.com\/portal\/wp-json\/wp\/v2\/media\/3331"}],"wp:attachment":[{"href":"https:\/\/www.mastriplay.com\/portal\/wp-json\/wp\/v2\/media?parent=2219"}],"wp:term":[{"taxonomy":"product_brand","embeddable":true,"href":"https:\/\/www.mastriplay.com\/portal\/wp-json\/wp\/v2\/product_brand?post=2219"},{"taxonomy":"product_cat","embeddable":true,"href":"https:\/\/www.mastriplay.com\/portal\/wp-json\/wp\/v2\/product_cat?post=2219"},{"taxonomy":"product_tag","embeddable":true,"href":"https:\/\/www.mastriplay.com\/portal\/wp-json\/wp\/v2\/product_tag?post=2219"}],"curies":[{"name":"wp","href":"https:\/\/api.w.org\/{rel}","templated":true}]}}