{"id":2053,"date":"2024-01-25T13:01:15","date_gmt":"2024-01-25T19:01:15","guid":{"rendered":"http:\/\/www.mastriplay.com\/portal\/?post_type=product&#038;p=2053"},"modified":"2024-02-08T17:08:09","modified_gmt":"2024-02-08T23:08:09","slug":"cleaf-mdp-syncron-stratos-matrix","status":"publish","type":"product","link":"https:\/\/www.mastriplay.com\/portal\/product\/cleaf-mdp-syncron-stratos-matrix\/","title":{"rendered":"CLEAF  MDP Syncron Stratos Matrix"},"content":{"rendered":"<p>Melamina de marca Italiana reconocida a nivel mundial por sus Dise\u00f1os. Tablero de aglomerado recubierto con papel Dise\u00f1o con Textura Profunda , acabado MATRIX. Dise\u00f1o Stratos, Marca CLEAF<\/p>\n","protected":false},"excerpt":{"rendered":"<p>Melamina de marca Italiana reconocida a nivel mundial por sus Dise\u00f1os. Tablero de aglomerado recubierto con papel Dise\u00f1o con Textura Profunda , acabado MATRIX. Dise\u00f1o Stratos, Marca CLEAF<\/p>\n","protected":false},"featured_media":2057,"comment_status":"open","ping_status":"closed","template":"","meta":[],"product_brand":[],"product_cat":[15],"product_tag":[245,246,251],"class_list":{"0":"post-2053","1":"product","2":"type-product","3":"status-publish","4":"has-post-thumbnail","6":"product_cat-diversos","7":"product_tag-cleaf","8":"product_tag-mdp-syncron","9":"product_tag-stratos-matrix","11":"first","12":"instock","13":"taxable","14":"shipping-taxable","15":"product-type-simple"},"_links":{"self":[{"href":"https:\/\/www.mastriplay.com\/portal\/wp-json\/wp\/v2\/product\/2053","targetHints":{"allow":["GET"]}}],"collection":[{"href":"https:\/\/www.mastriplay.com\/portal\/wp-json\/wp\/v2\/product"}],"about":[{"href":"https:\/\/www.mastriplay.com\/portal\/wp-json\/wp\/v2\/types\/product"}],"replies":[{"embeddable":true,"href":"https:\/\/www.mastriplay.com\/portal\/wp-json\/wp\/v2\/comments?post=2053"}],"version-history":[{"count":3,"href":"https:\/\/www.mastriplay.com\/portal\/wp-json\/wp\/v2\/product\/2053\/revisions"}],"predecessor-version":[{"id":3201,"href":"https:\/\/www.mastriplay.com\/portal\/wp-json\/wp\/v2\/product\/2053\/revisions\/3201"}],"wp:featuredmedia":[{"embeddable":true,"href":"https:\/\/www.mastriplay.com\/portal\/wp-json\/wp\/v2\/media\/2057"}],"wp:attachment":[{"href":"https:\/\/www.mastriplay.com\/portal\/wp-json\/wp\/v2\/media?parent=2053"}],"wp:term":[{"taxonomy":"product_brand","embeddable":true,"href":"https:\/\/www.mastriplay.com\/portal\/wp-json\/wp\/v2\/product_brand?post=2053"},{"taxonomy":"product_cat","embeddable":true,"href":"https:\/\/www.mastriplay.com\/portal\/wp-json\/wp\/v2\/product_cat?post=2053"},{"taxonomy":"product_tag","embeddable":true,"href":"https:\/\/www.mastriplay.com\/portal\/wp-json\/wp\/v2\/product_tag?post=2053"}],"curies":[{"name":"wp","href":"https:\/\/api.w.org\/{rel}","templated":true}]}}