{"id":2045,"date":"2024-01-25T12:56:39","date_gmt":"2024-01-25T18:56:39","guid":{"rendered":"http:\/\/www.mastriplay.com\/portal\/?post_type=product&#038;p=2045"},"modified":"2024-02-08T16:42:51","modified_gmt":"2024-02-08T22:42:51","slug":"cleaf-mdp-syncron-metal-ametis","status":"publish","type":"product","link":"https:\/\/www.mastriplay.com\/portal\/product\/cleaf-mdp-syncron-metal-ametis\/","title":{"rendered":"CLEAF  MDP Syncron Metal Ametis"},"content":{"rendered":"<p>Melamina de marca Italiana reconocida a nivel mundial por sus Dise\u00f1os. Tablero de aglomerado recubierto con papel Dise\u00f1o con Textura Profunda , acabado AMETIS. Dise\u00f1o Metal, Marca CLEAF<\/p>\n","protected":false},"excerpt":{"rendered":"<p>Melamina de marca Italiana reconocida a nivel mundial por sus Dise\u00f1os. Tablero de aglomerado recubierto con papel Dise\u00f1o con Textura Profunda , acabado AMETIS. Dise\u00f1o Metal, Marca CLEAF<\/p>\n","protected":false},"featured_media":2048,"comment_status":"open","ping_status":"closed","template":"","meta":[],"product_brand":[],"product_cat":[77],"product_tag":[245,246,248],"class_list":{"0":"post-2045","1":"product","2":"type-product","3":"status-publish","4":"has-post-thumbnail","6":"product_cat-syncron-cleaf","7":"product_tag-cleaf","8":"product_tag-mdp-syncron","9":"product_tag-metal-ametis","11":"first","12":"instock","13":"taxable","14":"shipping-taxable","15":"product-type-simple"},"_links":{"self":[{"href":"https:\/\/www.mastriplay.com\/portal\/wp-json\/wp\/v2\/product\/2045","targetHints":{"allow":["GET"]}}],"collection":[{"href":"https:\/\/www.mastriplay.com\/portal\/wp-json\/wp\/v2\/product"}],"about":[{"href":"https:\/\/www.mastriplay.com\/portal\/wp-json\/wp\/v2\/types\/product"}],"replies":[{"embeddable":true,"href":"https:\/\/www.mastriplay.com\/portal\/wp-json\/wp\/v2\/comments?post=2045"}],"version-history":[{"count":3,"href":"https:\/\/www.mastriplay.com\/portal\/wp-json\/wp\/v2\/product\/2045\/revisions"}],"predecessor-version":[{"id":3198,"href":"https:\/\/www.mastriplay.com\/portal\/wp-json\/wp\/v2\/product\/2045\/revisions\/3198"}],"wp:featuredmedia":[{"embeddable":true,"href":"https:\/\/www.mastriplay.com\/portal\/wp-json\/wp\/v2\/media\/2048"}],"wp:attachment":[{"href":"https:\/\/www.mastriplay.com\/portal\/wp-json\/wp\/v2\/media?parent=2045"}],"wp:term":[{"taxonomy":"product_brand","embeddable":true,"href":"https:\/\/www.mastriplay.com\/portal\/wp-json\/wp\/v2\/product_brand?post=2045"},{"taxonomy":"product_cat","embeddable":true,"href":"https:\/\/www.mastriplay.com\/portal\/wp-json\/wp\/v2\/product_cat?post=2045"},{"taxonomy":"product_tag","embeddable":true,"href":"https:\/\/www.mastriplay.com\/portal\/wp-json\/wp\/v2\/product_tag?post=2045"}],"curies":[{"name":"wp","href":"https:\/\/api.w.org\/{rel}","templated":true}]}}