{"id":2037,"date":"2024-01-25T12:54:15","date_gmt":"2024-01-25T18:54:15","guid":{"rendered":"http:\/\/www.mastriplay.com\/portal\/?post_type=product&#038;p=2037"},"modified":"2024-02-08T16:29:23","modified_gmt":"2024-02-08T22:29:23","slug":"cleaf-mdp-syncron-bronze-madre-peralto","status":"publish","type":"product","link":"https:\/\/www.mastriplay.com\/portal\/product\/cleaf-mdp-syncron-bronze-madre-peralto\/","title":{"rendered":"CLEAF  MDP Syncron Bronze Madre Peralto"},"content":{"rendered":"<p>Melamina de marca Italiana reconocida a nivel mundial por sus Dise\u00f1os. Tablero de aglomerado recubierto con papel Dise\u00f1o con Textura Profunda , acabado REFLEX. Dise\u00f1o Madreperalto, Marca CLEAF<\/p>\n","protected":false},"excerpt":{"rendered":"<p>Melamina de marca Italiana reconocida a nivel mundial por sus Dise\u00f1os. Tablero de aglomerado recubierto con papel Dise\u00f1o con Textura Profunda , acabado REFLEX. Dise\u00f1o Madreperalto, Marca CLEAF<\/p>\n","protected":false},"featured_media":2043,"comment_status":"open","ping_status":"closed","template":"","meta":[],"product_brand":[],"product_cat":[77],"product_tag":[247,245,246,103],"class_list":{"0":"post-2037","1":"product","2":"type-product","3":"status-publish","4":"has-post-thumbnail","6":"product_cat-syncron-cleaf","7":"product_tag-bronze-madre-peralto","8":"product_tag-cleaf","9":"product_tag-mdp-syncron","10":"product_tag-syncron","12":"first","13":"instock","14":"taxable","15":"shipping-taxable","16":"product-type-simple"},"_links":{"self":[{"href":"https:\/\/www.mastriplay.com\/portal\/wp-json\/wp\/v2\/product\/2037","targetHints":{"allow":["GET"]}}],"collection":[{"href":"https:\/\/www.mastriplay.com\/portal\/wp-json\/wp\/v2\/product"}],"about":[{"href":"https:\/\/www.mastriplay.com\/portal\/wp-json\/wp\/v2\/types\/product"}],"replies":[{"embeddable":true,"href":"https:\/\/www.mastriplay.com\/portal\/wp-json\/wp\/v2\/comments?post=2037"}],"version-history":[{"count":2,"href":"https:\/\/www.mastriplay.com\/portal\/wp-json\/wp\/v2\/product\/2037\/revisions"}],"predecessor-version":[{"id":3193,"href":"https:\/\/www.mastriplay.com\/portal\/wp-json\/wp\/v2\/product\/2037\/revisions\/3193"}],"wp:featuredmedia":[{"embeddable":true,"href":"https:\/\/www.mastriplay.com\/portal\/wp-json\/wp\/v2\/media\/2043"}],"wp:attachment":[{"href":"https:\/\/www.mastriplay.com\/portal\/wp-json\/wp\/v2\/media?parent=2037"}],"wp:term":[{"taxonomy":"product_brand","embeddable":true,"href":"https:\/\/www.mastriplay.com\/portal\/wp-json\/wp\/v2\/product_brand?post=2037"},{"taxonomy":"product_cat","embeddable":true,"href":"https:\/\/www.mastriplay.com\/portal\/wp-json\/wp\/v2\/product_cat?post=2037"},{"taxonomy":"product_tag","embeddable":true,"href":"https:\/\/www.mastriplay.com\/portal\/wp-json\/wp\/v2\/product_tag?post=2037"}],"curies":[{"name":"wp","href":"https:\/\/api.w.org\/{rel}","templated":true}]}}