{"id":2024,"date":"2024-01-25T12:17:55","date_gmt":"2024-01-25T18:17:55","guid":{"rendered":"http:\/\/www.mastriplay.com\/portal\/?post_type=product&#038;p=2024"},"modified":"2024-02-08T16:19:02","modified_gmt":"2024-02-08T22:19:02","slug":"finsa-mdp-superpan-melamina-olmo-sabi","status":"publish","type":"product","link":"https:\/\/www.mastriplay.com\/portal\/product\/finsa-mdp-superpan-melamina-olmo-sabi\/","title":{"rendered":"FINSA MDP Superpan Melamina Olmo Sabi"},"content":{"rendered":"<h2>Olmo Sabi<br \/>\nBoreal<\/h2>\n<p>El tablero con superficie decorativa de la gama Duo Olmo Sabi en acabado Boreal es un dise\u00f1o de olmo de aspecto r\u00fastico y tono intenso. La est\u00e9tica sigue la filosof\u00eda wabi-sabi, basada en la belleza de la imperfecci\u00f3n. El resultado consiste en un decorativo tremendamente elegante, apropiado para espacios de connotaciones sofisticadas pero sencillas.<\/p>\n<p>&nbsp;<\/p>\n<p>&nbsp;<\/p>\n","protected":false},"excerpt":{"rendered":"<p>Olmo Sabi Boreal El tablero con superficie decorativa de la gama Duo Olmo Sabi en acabado Boreal es un dise\u00f1o de olmo de aspecto r\u00fastico y tono intenso. La est\u00e9tica sigue la filosof\u00eda wabi-sabi, basada en la belleza de la imperfecci\u00f3n. El resultado consiste en un decorativo tremendamente elegante, apropiado para espacios de connotaciones sofisticadas [&hellip;]<\/p>\n","protected":false},"featured_media":2028,"comment_status":"open","ping_status":"closed","template":"","meta":[],"product_brand":[],"product_cat":[75],"product_tag":[35,243,241],"class_list":{"0":"post-2024","1":"product","2":"type-product","3":"status-publish","4":"has-post-thumbnail","6":"product_cat-superpan-finsa","7":"product_tag-finsa","8":"product_tag-mdp-superpan","9":"product_tag-olmo-sabi","11":"first","12":"instock","13":"taxable","14":"shipping-taxable","15":"product-type-simple"},"_links":{"self":[{"href":"https:\/\/www.mastriplay.com\/portal\/wp-json\/wp\/v2\/product\/2024","targetHints":{"allow":["GET"]}}],"collection":[{"href":"https:\/\/www.mastriplay.com\/portal\/wp-json\/wp\/v2\/product"}],"about":[{"href":"https:\/\/www.mastriplay.com\/portal\/wp-json\/wp\/v2\/types\/product"}],"replies":[{"embeddable":true,"href":"https:\/\/www.mastriplay.com\/portal\/wp-json\/wp\/v2\/comments?post=2024"}],"version-history":[{"count":3,"href":"https:\/\/www.mastriplay.com\/portal\/wp-json\/wp\/v2\/product\/2024\/revisions"}],"predecessor-version":[{"id":3175,"href":"https:\/\/www.mastriplay.com\/portal\/wp-json\/wp\/v2\/product\/2024\/revisions\/3175"}],"wp:featuredmedia":[{"embeddable":true,"href":"https:\/\/www.mastriplay.com\/portal\/wp-json\/wp\/v2\/media\/2028"}],"wp:attachment":[{"href":"https:\/\/www.mastriplay.com\/portal\/wp-json\/wp\/v2\/media?parent=2024"}],"wp:term":[{"taxonomy":"product_brand","embeddable":true,"href":"https:\/\/www.mastriplay.com\/portal\/wp-json\/wp\/v2\/product_brand?post=2024"},{"taxonomy":"product_cat","embeddable":true,"href":"https:\/\/www.mastriplay.com\/portal\/wp-json\/wp\/v2\/product_cat?post=2024"},{"taxonomy":"product_tag","embeddable":true,"href":"https:\/\/www.mastriplay.com\/portal\/wp-json\/wp\/v2\/product_tag?post=2024"}],"curies":[{"name":"wp","href":"https:\/\/api.w.org\/{rel}","templated":true}]}}