{"id":2009,"date":"2024-01-25T11:41:00","date_gmt":"2024-01-25T17:41:00","guid":{"rendered":"http:\/\/www.mastriplay.com\/portal\/?post_type=product&#038;p=2009"},"modified":"2024-02-08T16:20:29","modified_gmt":"2024-02-08T22:20:29","slug":"finsa-mdf-melamina-olmo-sabi","status":"publish","type":"product","link":"https:\/\/www.mastriplay.com\/portal\/product\/finsa-mdf-melamina-olmo-sabi\/","title":{"rendered":"FINSA MDF Melamina Olmo Sabi"},"content":{"rendered":"<h2>\u00abOlmo Sabi\u00bb<\/h2>\n<h3>Boreal<\/h3>\n<p>El tablero con superficie decorativa de la gama Duo Olmo Sabi en acabado Boreal es un dise\u00f1o de olmo de aspecto r\u00fastico y tono intenso. La est\u00e9tica sigue la filosof\u00eda wabi-sabi, basada en la belleza de la imperfecci\u00f3n. El resultado consiste en un decorativo tremendamente elegante, apropiado para espacios de connotaciones sofisticadas pero sencillas.<\/p>\n","protected":false},"excerpt":{"rendered":"<p>\u00abOlmo Sabi\u00bb Boreal El tablero con superficie decorativa de la gama Duo Olmo Sabi en acabado Boreal es un dise\u00f1o de olmo de aspecto r\u00fastico y tono intenso. La est\u00e9tica sigue la filosof\u00eda wabi-sabi, basada en la belleza de la imperfecci\u00f3n. El resultado consiste en un decorativo tremendamente elegante, apropiado para espacios de connotaciones sofisticadas [&hellip;]<\/p>\n","protected":false},"featured_media":2010,"comment_status":"open","ping_status":"closed","template":"","meta":[],"product_brand":[],"product_cat":[76],"product_tag":[35,240,241],"class_list":{"0":"post-2009","1":"product","2":"type-product","3":"status-publish","4":"has-post-thumbnail","6":"product_cat-mdf-finsa","7":"product_tag-finsa","8":"product_tag-mdf-melamina-finsa","9":"product_tag-olmo-sabi","11":"first","12":"instock","13":"taxable","14":"shipping-taxable","15":"product-type-simple"},"_links":{"self":[{"href":"https:\/\/www.mastriplay.com\/portal\/wp-json\/wp\/v2\/product\/2009","targetHints":{"allow":["GET"]}}],"collection":[{"href":"https:\/\/www.mastriplay.com\/portal\/wp-json\/wp\/v2\/product"}],"about":[{"href":"https:\/\/www.mastriplay.com\/portal\/wp-json\/wp\/v2\/types\/product"}],"replies":[{"embeddable":true,"href":"https:\/\/www.mastriplay.com\/portal\/wp-json\/wp\/v2\/comments?post=2009"}],"version-history":[{"count":4,"href":"https:\/\/www.mastriplay.com\/portal\/wp-json\/wp\/v2\/product\/2009\/revisions"}],"predecessor-version":[{"id":3190,"href":"https:\/\/www.mastriplay.com\/portal\/wp-json\/wp\/v2\/product\/2009\/revisions\/3190"}],"wp:featuredmedia":[{"embeddable":true,"href":"https:\/\/www.mastriplay.com\/portal\/wp-json\/wp\/v2\/media\/2010"}],"wp:attachment":[{"href":"https:\/\/www.mastriplay.com\/portal\/wp-json\/wp\/v2\/media?parent=2009"}],"wp:term":[{"taxonomy":"product_brand","embeddable":true,"href":"https:\/\/www.mastriplay.com\/portal\/wp-json\/wp\/v2\/product_brand?post=2009"},{"taxonomy":"product_cat","embeddable":true,"href":"https:\/\/www.mastriplay.com\/portal\/wp-json\/wp\/v2\/product_cat?post=2009"},{"taxonomy":"product_tag","embeddable":true,"href":"https:\/\/www.mastriplay.com\/portal\/wp-json\/wp\/v2\/product_tag?post=2009"}],"curies":[{"name":"wp","href":"https:\/\/api.w.org\/{rel}","templated":true}]}}