{"id":1716,"date":"2024-01-23T23:45:28","date_gmt":"2024-01-24T05:45:28","guid":{"rendered":"http:\/\/www.mastriplay.com\/portal\/?post_type=product&#038;p=1716"},"modified":"2024-01-23T23:45:28","modified_gmt":"2024-01-24T05:45:28","slug":"decorlux-alto-brillo-fedha-ar-1800","status":"publish","type":"product","link":"https:\/\/www.mastriplay.com\/portal\/product\/decorlux-alto-brillo-fedha-ar-1800\/","title":{"rendered":"Decorlux  Alto Brillo Fedha Ar 1800"},"content":{"rendered":"<p>El Tablero Metalizado DECORLUX incorpora una hoja de CPL met\u00e1lico (Continuous Pressed Laminate) al sustrato. Logrando as\u00ed, fusionar los materiales en un producto que brinda a la vista la apariencia original del metal. Disponible en dise\u00f1os aluminio y acero inoxidable, comparte propiedades higi\u00e9nicas\/anticorrosivas que lo vuelven excelente para la fabricaci\u00f3n de cocinas y mobiliario. El uso de los tableros metalizados representa un ahorro inteligente frente a propuestas que demandan acentuar un aspecto met\u00e1lico. *Cubrecantos disponibles para todos los dise\u00f1os.<\/p>\n<p>&nbsp;<\/p>\n<p>&nbsp;<\/p>\n<table width=\"80\">\n<tbody>\n<tr>\n<td width=\"80\">\u2022 ESPESOR:\u00a0 18 MM\u00a0 \u2022 FORMATO:\u00a0 1.22 X 2.44\u00a0 \u2022 CARAS:\u00a0 1 CARA<\/td>\n<\/tr>\n<\/tbody>\n<\/table>\n","protected":false},"excerpt":{"rendered":"<p>El Tablero Metalizado DECORLUX incorpora una hoja de CPL met\u00e1lico (Continuous Pressed Laminate) al sustrato. Logrando as\u00ed, fusionar los materiales en un producto que brinda a la vista la apariencia original del metal. Disponible en dise\u00f1os aluminio y acero inoxidable, comparte propiedades higi\u00e9nicas\/anticorrosivas que lo vuelven excelente para la fabricaci\u00f3n de cocinas y mobiliario. El [&hellip;]<\/p>\n","protected":false},"featured_media":1717,"comment_status":"open","ping_status":"closed","template":"","meta":[],"product_brand":[],"product_cat":[78],"product_tag":[86,110,188],"class_list":{"0":"post-1716","1":"product","2":"type-product","3":"status-publish","4":"has-post-thumbnail","6":"product_cat-ab-decorlux","7":"product_tag-alto-brillo","8":"product_tag-decorlux","9":"product_tag-fedha-ar","11":"first","12":"instock","13":"taxable","14":"shipping-taxable","15":"product-type-simple"},"_links":{"self":[{"href":"https:\/\/www.mastriplay.com\/portal\/wp-json\/wp\/v2\/product\/1716","targetHints":{"allow":["GET"]}}],"collection":[{"href":"https:\/\/www.mastriplay.com\/portal\/wp-json\/wp\/v2\/product"}],"about":[{"href":"https:\/\/www.mastriplay.com\/portal\/wp-json\/wp\/v2\/types\/product"}],"replies":[{"embeddable":true,"href":"https:\/\/www.mastriplay.com\/portal\/wp-json\/wp\/v2\/comments?post=1716"}],"version-history":[{"count":1,"href":"https:\/\/www.mastriplay.com\/portal\/wp-json\/wp\/v2\/product\/1716\/revisions"}],"predecessor-version":[{"id":1719,"href":"https:\/\/www.mastriplay.com\/portal\/wp-json\/wp\/v2\/product\/1716\/revisions\/1719"}],"wp:featuredmedia":[{"embeddable":true,"href":"https:\/\/www.mastriplay.com\/portal\/wp-json\/wp\/v2\/media\/1717"}],"wp:attachment":[{"href":"https:\/\/www.mastriplay.com\/portal\/wp-json\/wp\/v2\/media?parent=1716"}],"wp:term":[{"taxonomy":"product_brand","embeddable":true,"href":"https:\/\/www.mastriplay.com\/portal\/wp-json\/wp\/v2\/product_brand?post=1716"},{"taxonomy":"product_cat","embeddable":true,"href":"https:\/\/www.mastriplay.com\/portal\/wp-json\/wp\/v2\/product_cat?post=1716"},{"taxonomy":"product_tag","embeddable":true,"href":"https:\/\/www.mastriplay.com\/portal\/wp-json\/wp\/v2\/product_tag?post=1716"}],"curies":[{"name":"wp","href":"https:\/\/api.w.org\/{rel}","templated":true}]}}