{"id":1679,"date":"2024-01-23T22:18:33","date_gmt":"2024-01-24T04:18:33","guid":{"rendered":"http:\/\/www.mastriplay.com\/portal\/?post_type=product&#038;p=1679"},"modified":"2024-01-23T22:18:33","modified_gmt":"2024-01-24T04:18:33","slug":"decorlux-alto-brillo-blanco","status":"publish","type":"product","link":"https:\/\/www.mastriplay.com\/portal\/product\/decorlux-alto-brillo-blanco\/","title":{"rendered":"Decorlux  Alto Brillo Blanco"},"content":{"rendered":"<p>El Tablero Alto Brillo DECORLUX destaca por su alto nivel de reflexi\u00f3n de luz, la estabilidad del brillo y nitidez de la imagen reflejada (efecto espejo), son fieles al tipo de material. Disponibles en: Acr\u00edlico de Alta Resistencia, Acr\u00edlico Est\u00e1ndar, PET). Tienen excelente comportamiento f\u00edsico-mec\u00e1nico en comparaci\u00f3n a productos alternativos, son resistentes a m\u00faltiples pruebas, incluyendo rayaduras. Caracter\u00edsticas que los hace apropiados para aplicaciones verticales en mobiliario de cocina, ba\u00f1o, hogar, oficina y decoraci\u00f3n.<\/p>\n<p>&nbsp;<\/p>\n<p>&nbsp;<\/p>\n<table width=\"80\">\n<tbody>\n<tr>\n<td width=\"80\">\u2022 ESPESOR:\u00a0 18 MM\u00a0 \u2022 FORMATO:\u00a0 1.22 X 2.44\u00a0 \u2022 CARAS:\u00a0 1 CARA<\/td>\n<\/tr>\n<\/tbody>\n<\/table>\n","protected":false},"excerpt":{"rendered":"<p>El Tablero Alto Brillo DECORLUX destaca por su alto nivel de reflexi\u00f3n de luz, la estabilidad del brillo y nitidez de la imagen reflejada (efecto espejo), son fieles al tipo de material. Disponibles en: Acr\u00edlico de Alta Resistencia, Acr\u00edlico Est\u00e1ndar, PET). Tienen excelente comportamiento f\u00edsico-mec\u00e1nico en comparaci\u00f3n a productos alternativos, son resistentes a m\u00faltiples pruebas, [&hellip;]<\/p>\n","protected":false},"featured_media":1680,"comment_status":"open","ping_status":"closed","template":"","meta":[],"product_brand":[],"product_cat":[78],"product_tag":[86,97,110],"class_list":{"0":"post-1679","1":"product","2":"type-product","3":"status-publish","4":"has-post-thumbnail","6":"product_cat-ab-decorlux","7":"product_tag-alto-brillo","8":"product_tag-blanco","9":"product_tag-decorlux","11":"first","12":"instock","13":"taxable","14":"shipping-taxable","15":"product-type-simple"},"_links":{"self":[{"href":"https:\/\/www.mastriplay.com\/portal\/wp-json\/wp\/v2\/product\/1679","targetHints":{"allow":["GET"]}}],"collection":[{"href":"https:\/\/www.mastriplay.com\/portal\/wp-json\/wp\/v2\/product"}],"about":[{"href":"https:\/\/www.mastriplay.com\/portal\/wp-json\/wp\/v2\/types\/product"}],"replies":[{"embeddable":true,"href":"https:\/\/www.mastriplay.com\/portal\/wp-json\/wp\/v2\/comments?post=1679"}],"version-history":[{"count":1,"href":"https:\/\/www.mastriplay.com\/portal\/wp-json\/wp\/v2\/product\/1679\/revisions"}],"predecessor-version":[{"id":1681,"href":"https:\/\/www.mastriplay.com\/portal\/wp-json\/wp\/v2\/product\/1679\/revisions\/1681"}],"wp:featuredmedia":[{"embeddable":true,"href":"https:\/\/www.mastriplay.com\/portal\/wp-json\/wp\/v2\/media\/1680"}],"wp:attachment":[{"href":"https:\/\/www.mastriplay.com\/portal\/wp-json\/wp\/v2\/media?parent=1679"}],"wp:term":[{"taxonomy":"product_brand","embeddable":true,"href":"https:\/\/www.mastriplay.com\/portal\/wp-json\/wp\/v2\/product_brand?post=1679"},{"taxonomy":"product_cat","embeddable":true,"href":"https:\/\/www.mastriplay.com\/portal\/wp-json\/wp\/v2\/product_cat?post=1679"},{"taxonomy":"product_tag","embeddable":true,"href":"https:\/\/www.mastriplay.com\/portal\/wp-json\/wp\/v2\/product_tag?post=1679"}],"curies":[{"name":"wp","href":"https:\/\/api.w.org\/{rel}","templated":true}]}}