{"id":1661,"date":"2024-01-23T22:02:35","date_gmt":"2024-01-24T04:02:35","guid":{"rendered":"http:\/\/www.mastriplay.com\/portal\/?post_type=product&#038;p=1661"},"modified":"2024-01-23T22:02:35","modified_gmt":"2024-01-24T04:02:35","slug":"decorlux-alto-brillo-beige-metalizado-7499","status":"publish","type":"product","link":"https:\/\/www.mastriplay.com\/portal\/product\/decorlux-alto-brillo-beige-metalizado-7499\/","title":{"rendered":"Decorlux   Alto Brillo Beige Metalizado 7499"},"content":{"rendered":"<table style=\"border-collapse: collapse; width: 60pt;\" border=\"0\" width=\"80\" cellspacing=\"0\" cellpadding=\"0\">\n<tbody>\n<tr style=\"height: 15.0pt;\">\n<td class=\"xl65\" style=\"height: 15.0pt; width: 60pt;\" width=\"80\" height=\"20\">El Tablero Metalizado DECORLUX incorpora una hoja de CPL met\u00e1lico (Continuous Pressed Laminate) al sustrato. Logrando as\u00ed, fusionar los materiales en un producto que brinda a la vista la apariencia original del metal. Disponible en dise\u00f1os aluminio y acero inoxidable, comparte propiedades higi\u00e9nicas\/anticorrosivas que lo vuelven excelente para la fabricaci\u00f3n de cocinas y mobiliario. El uso de los tableros metalizados representa un ahorro inteligente frente a propuestas que demandan acentuar un aspecto met\u00e1lico. *Cubrecantos disponibles para todos los dise\u00f1os.<\/td>\n<\/tr>\n<\/tbody>\n<\/table>\n<p>&nbsp;<\/p>\n<table width=\"80\">\n<tbody>\n<tr>\n<td width=\"80\">\u2022 ESPESOR:\u00a0 18 MM\u00a0 \u2022 FORMATO:\u00a0 1.22 X 2.44\u00a0 \u2022 CARAS:\u00a0 1 CARA<\/td>\n<\/tr>\n<\/tbody>\n<\/table>\n","protected":false},"excerpt":{"rendered":"<p>El Tablero Metalizado DECORLUX incorpora una hoja de CPL met\u00e1lico (Continuous Pressed Laminate) al sustrato. Logrando as\u00ed, fusionar los materiales en un producto que brinda a la vista la apariencia original del metal. Disponible en dise\u00f1os aluminio y acero inoxidable, comparte propiedades higi\u00e9nicas\/anticorrosivas que lo vuelven excelente para la fabricaci\u00f3n de cocinas y mobiliario. El [&hellip;]<\/p>\n","protected":false},"featured_media":1669,"comment_status":"open","ping_status":"closed","template":"","meta":[],"product_brand":[],"product_cat":[78],"product_tag":[86,179,110],"class_list":{"0":"post-1661","1":"product","2":"type-product","3":"status-publish","4":"has-post-thumbnail","6":"product_cat-ab-decorlux","7":"product_tag-alto-brillo","8":"product_tag-beige-metalizado","9":"product_tag-decorlux","11":"first","12":"instock","13":"taxable","14":"shipping-taxable","15":"product-type-simple"},"_links":{"self":[{"href":"https:\/\/www.mastriplay.com\/portal\/wp-json\/wp\/v2\/product\/1661","targetHints":{"allow":["GET"]}}],"collection":[{"href":"https:\/\/www.mastriplay.com\/portal\/wp-json\/wp\/v2\/product"}],"about":[{"href":"https:\/\/www.mastriplay.com\/portal\/wp-json\/wp\/v2\/types\/product"}],"replies":[{"embeddable":true,"href":"https:\/\/www.mastriplay.com\/portal\/wp-json\/wp\/v2\/comments?post=1661"}],"version-history":[{"count":1,"href":"https:\/\/www.mastriplay.com\/portal\/wp-json\/wp\/v2\/product\/1661\/revisions"}],"predecessor-version":[{"id":1672,"href":"https:\/\/www.mastriplay.com\/portal\/wp-json\/wp\/v2\/product\/1661\/revisions\/1672"}],"wp:featuredmedia":[{"embeddable":true,"href":"https:\/\/www.mastriplay.com\/portal\/wp-json\/wp\/v2\/media\/1669"}],"wp:attachment":[{"href":"https:\/\/www.mastriplay.com\/portal\/wp-json\/wp\/v2\/media?parent=1661"}],"wp:term":[{"taxonomy":"product_brand","embeddable":true,"href":"https:\/\/www.mastriplay.com\/portal\/wp-json\/wp\/v2\/product_brand?post=1661"},{"taxonomy":"product_cat","embeddable":true,"href":"https:\/\/www.mastriplay.com\/portal\/wp-json\/wp\/v2\/product_cat?post=1661"},{"taxonomy":"product_tag","embeddable":true,"href":"https:\/\/www.mastriplay.com\/portal\/wp-json\/wp\/v2\/product_tag?post=1661"}],"curies":[{"name":"wp","href":"https:\/\/api.w.org\/{rel}","templated":true}]}}