{"id":1524,"date":"2024-01-22T02:10:57","date_gmt":"2024-01-22T08:10:57","guid":{"rendered":"http:\/\/www.mastriplay.com\/portal\/?post_type=product&#038;p=1524"},"modified":"2024-02-07T23:33:26","modified_gmt":"2024-02-08T05:33:26","slug":"arauco-mdf-melamina-vison","status":"publish","type":"product","link":"https:\/\/www.mastriplay.com\/portal\/product\/arauco-mdf-melamina-vison\/","title":{"rendered":"Arauco MDF Melamina Vison"},"content":{"rendered":"<div class=\"name font-02 fs-06 m-t-40 m-b-20 text-uppercase\">\n<h1 class=\"fs-06\">Vis\u00f3n<\/h1>\n<\/div>\n<div class=\"description fs-03\">Los dise\u00f1os de colecci\u00f3n Unicolor son ideales para complementar nuestros dise\u00f1os maderados. Vis\u00f3n es muy f\u00e1cil de combinar con tonalidades fr\u00edas o c\u00e1lidas para aportar elegancia y modernidad.<\/div>\n<p>&nbsp;<\/p>\n<div class=\"d-flex w-100\">\n<div class=\"d-flex v-center w-100 p-12 bd-t bd-b bd-r bd-l bg-06\"><strong>Categor\u00eda<\/strong>:\u00a0 Unicolor<\/div>\n<\/div>\n<div class=\"d-flex w-100\">\n<div class=\"d-flex v-center w-100 p-12 bd-b bd-r bd-l bg-06\"><strong>Colecci\u00f3n<\/strong>:\u00a0\u00a0Unicolores<\/div>\n<\/div>\n<div class=\"d-flex w-100\">\n<div class=\"d-flex v-center w-100 p-12 bd-b bd-r bd-l bg-06\"><strong>Dise\u00f1o<\/strong>:\u00a0\u00a0Vis\u00f3n<\/div>\n<\/div>\n<div class=\"d-flex w-100\">\n<div class=\"d-flex v-center w-100 p-12 bd-b bd-r bd-l bg-06\"><strong>Marca<\/strong>:\u00a0\u00a0Arauco Melamina<\/div>\n<\/div>\n<div class=\"d-flex w-100\"><strong>Textura<\/strong>:\u00a0 Mate<\/div>\n","protected":false},"excerpt":{"rendered":"<p>Vis\u00f3n Los dise\u00f1os de colecci\u00f3n Unicolor son ideales para complementar nuestros dise\u00f1os maderados. Vis\u00f3n es muy f\u00e1cil de combinar con tonalidades fr\u00edas o c\u00e1lidas para aportar elegancia y modernidad. &nbsp; Categor\u00eda:\u00a0 Unicolor Colecci\u00f3n:\u00a0\u00a0Unicolores Dise\u00f1o:\u00a0\u00a0Vis\u00f3n Marca:\u00a0\u00a0Arauco Melamina Textura:\u00a0 Mate<\/p>\n","protected":false},"featured_media":1525,"comment_status":"open","ping_status":"closed","template":"","meta":[],"product_brand":[],"product_cat":[71],"product_tag":[41,53,127,147],"class_list":{"0":"post-1524","1":"product","2":"type-product","3":"status-publish","4":"has-post-thumbnail","6":"product_cat-mdf-arauco","7":"product_tag-arauco","8":"product_tag-mate","9":"product_tag-mdf-melamina","10":"product_tag-vison","12":"first","13":"instock","14":"taxable","15":"shipping-taxable","16":"product-type-simple"},"_links":{"self":[{"href":"https:\/\/www.mastriplay.com\/portal\/wp-json\/wp\/v2\/product\/1524","targetHints":{"allow":["GET"]}}],"collection":[{"href":"https:\/\/www.mastriplay.com\/portal\/wp-json\/wp\/v2\/product"}],"about":[{"href":"https:\/\/www.mastriplay.com\/portal\/wp-json\/wp\/v2\/types\/product"}],"replies":[{"embeddable":true,"href":"https:\/\/www.mastriplay.com\/portal\/wp-json\/wp\/v2\/comments?post=1524"}],"version-history":[{"count":3,"href":"https:\/\/www.mastriplay.com\/portal\/wp-json\/wp\/v2\/product\/1524\/revisions"}],"predecessor-version":[{"id":3125,"href":"https:\/\/www.mastriplay.com\/portal\/wp-json\/wp\/v2\/product\/1524\/revisions\/3125"}],"wp:featuredmedia":[{"embeddable":true,"href":"https:\/\/www.mastriplay.com\/portal\/wp-json\/wp\/v2\/media\/1525"}],"wp:attachment":[{"href":"https:\/\/www.mastriplay.com\/portal\/wp-json\/wp\/v2\/media?parent=1524"}],"wp:term":[{"taxonomy":"product_brand","embeddable":true,"href":"https:\/\/www.mastriplay.com\/portal\/wp-json\/wp\/v2\/product_brand?post=1524"},{"taxonomy":"product_cat","embeddable":true,"href":"https:\/\/www.mastriplay.com\/portal\/wp-json\/wp\/v2\/product_cat?post=1524"},{"taxonomy":"product_tag","embeddable":true,"href":"https:\/\/www.mastriplay.com\/portal\/wp-json\/wp\/v2\/product_tag?post=1524"}],"curies":[{"name":"wp","href":"https:\/\/api.w.org\/{rel}","templated":true}]}}