{"id":1500,"date":"2024-01-22T02:00:27","date_gmt":"2024-01-22T08:00:27","guid":{"rendered":"http:\/\/www.mastriplay.com\/portal\/?post_type=product&#038;p=1500"},"modified":"2024-02-07T23:19:12","modified_gmt":"2024-02-08T05:19:12","slug":"arauco-mdf-melamina-niquel","status":"publish","type":"product","link":"https:\/\/www.mastriplay.com\/portal\/product\/arauco-mdf-melamina-niquel\/","title":{"rendered":"Arauco MDF Melamina Niquel"},"content":{"rendered":"<div class=\"name font-02 fs-06 m-t-40 m-b-20 text-uppercase\">\n<h1 class=\"fs-06\">Niquel<\/h1>\n<\/div>\n<div class=\"description fs-03\">Inspirado en elementos presentes en la tierra, este dise\u00f1o de tonalidad met\u00e1lica oscura cuenta con un brillo muy particular que dar\u00e1 un toque \u00fanico y contempor\u00e1neo a cualquier ambiente.<\/div>\n<div><\/div>\n<div><\/div>\n<div>\n<div class=\"d-flex w-100\">\n<div class=\"d-flex v-center w-100 p-12 bd-t bd-b bd-r bd-l bg-06\"><strong>Categor\u00eda<\/strong>:\u00a0 Unicolor<\/div>\n<\/div>\n<div class=\"d-flex w-100\">\n<div class=\"d-flex v-center w-100 p-12 bd-b bd-r bd-l bg-06\"><strong>Colecci\u00f3n<\/strong>:\u00a0\u00a0Nuevo Lanzamiento Vitta<\/div>\n<\/div>\n<div class=\"d-flex w-100\">\n<div class=\"d-flex v-center w-100 p-12 bd-b bd-r bd-l bg-06\"><strong>Dise\u00f1o<\/strong>:\u00a0\u00a0N\u00edquel<\/div>\n<\/div>\n<div class=\"d-flex w-100\">\n<div class=\"d-flex v-center w-100 p-12 bd-b bd-r bd-l bg-06\"><strong>Marca<\/strong>:\u00a0\u00a0Arauco Melamina<\/div>\n<\/div>\n<div class=\"d-flex w-100\"><strong>Textura<\/strong>:\u00a0 Mate<\/div>\n<\/div>\n<div><\/div>\n","protected":false},"excerpt":{"rendered":"<p>Niquel Inspirado en elementos presentes en la tierra, este dise\u00f1o de tonalidad met\u00e1lica oscura cuenta con un brillo muy particular que dar\u00e1 un toque \u00fanico y contempor\u00e1neo a cualquier ambiente. Categor\u00eda:\u00a0 Unicolor Colecci\u00f3n:\u00a0\u00a0Nuevo Lanzamiento Vitta Dise\u00f1o:\u00a0\u00a0N\u00edquel Marca:\u00a0\u00a0Arauco Melamina Textura:\u00a0 Mate<\/p>\n","protected":false},"featured_media":1504,"comment_status":"open","ping_status":"closed","template":"","meta":[],"product_brand":[],"product_cat":[71],"product_tag":[41,53,127,63,56],"class_list":{"0":"post-1500","1":"product","2":"type-product","3":"status-publish","4":"has-post-thumbnail","6":"product_cat-mdf-arauco","7":"product_tag-arauco","8":"product_tag-mate","9":"product_tag-mdf-melamina","10":"product_tag-niquel","11":"product_tag-vitta","13":"first","14":"instock","15":"taxable","16":"shipping-taxable","17":"product-type-simple"},"_links":{"self":[{"href":"https:\/\/www.mastriplay.com\/portal\/wp-json\/wp\/v2\/product\/1500","targetHints":{"allow":["GET"]}}],"collection":[{"href":"https:\/\/www.mastriplay.com\/portal\/wp-json\/wp\/v2\/product"}],"about":[{"href":"https:\/\/www.mastriplay.com\/portal\/wp-json\/wp\/v2\/types\/product"}],"replies":[{"embeddable":true,"href":"https:\/\/www.mastriplay.com\/portal\/wp-json\/wp\/v2\/comments?post=1500"}],"version-history":[{"count":3,"href":"https:\/\/www.mastriplay.com\/portal\/wp-json\/wp\/v2\/product\/1500\/revisions"}],"predecessor-version":[{"id":3120,"href":"https:\/\/www.mastriplay.com\/portal\/wp-json\/wp\/v2\/product\/1500\/revisions\/3120"}],"wp:featuredmedia":[{"embeddable":true,"href":"https:\/\/www.mastriplay.com\/portal\/wp-json\/wp\/v2\/media\/1504"}],"wp:attachment":[{"href":"https:\/\/www.mastriplay.com\/portal\/wp-json\/wp\/v2\/media?parent=1500"}],"wp:term":[{"taxonomy":"product_brand","embeddable":true,"href":"https:\/\/www.mastriplay.com\/portal\/wp-json\/wp\/v2\/product_brand?post=1500"},{"taxonomy":"product_cat","embeddable":true,"href":"https:\/\/www.mastriplay.com\/portal\/wp-json\/wp\/v2\/product_cat?post=1500"},{"taxonomy":"product_tag","embeddable":true,"href":"https:\/\/www.mastriplay.com\/portal\/wp-json\/wp\/v2\/product_tag?post=1500"}],"curies":[{"name":"wp","href":"https:\/\/api.w.org\/{rel}","templated":true}]}}