{"id":1454,"date":"2024-01-21T23:57:05","date_gmt":"2024-01-22T05:57:05","guid":{"rendered":"http:\/\/www.mastriplay.com\/portal\/?post_type=product&#038;p=1454"},"modified":"2024-02-07T22:55:45","modified_gmt":"2024-02-08T04:55:45","slug":"arauco-mdf-melamina-dakota","status":"publish","type":"product","link":"https:\/\/www.mastriplay.com\/portal\/product\/arauco-mdf-melamina-dakota\/","title":{"rendered":"Arauco MDF Melamina Dakota"},"content":{"rendered":"<div class=\"name font-02 fs-06 m-t-40 m-b-20 text-uppercase\">\n<h1 class=\"fs-06\">Dakota<\/h1>\n<\/div>\n<div class=\"description fs-03\">Haciendo referencia al estilo particular de construcci\u00f3n de Am\u00e9rica del Norte, este dise\u00f1o de madera Roble tableteada cuenta con una estructura \u00fanica y original que puede ser aplicada en ambientes de estilo industrial y vanguardista.<\/div>\n<p>&nbsp;<\/p>\n<div class=\"d-flex w-100\">\n<div class=\"d-flex v-center w-100 p-12 bd-t bd-b bd-r bd-l bg-06\"><strong>Categor\u00eda<\/strong>:\u00a0\u00a0Maderado<\/div>\n<\/div>\n<div class=\"d-flex w-100\">\n<div class=\"d-flex v-center w-100 p-12 bd-b bd-r bd-l bg-06\"><strong>Colecci\u00f3n<\/strong>:\u00a0\u00a0Nuevo Lanzamiento Vitta<\/div>\n<\/div>\n<div class=\"d-flex w-100\">\n<div class=\"d-flex v-center w-100 p-12 bd-b bd-r bd-l bg-06\"><strong>Dise\u00f1o<\/strong>:\u00a0\u00a0Dakota<\/div>\n<\/div>\n<div class=\"d-flex w-100\">\n<div class=\"d-flex v-center w-100 p-12 bd-b bd-r bd-l bg-06\"><strong>Marca<\/strong>:\u00a0\u00a0Arauco Melamina<\/div>\n<\/div>\n<div class=\"d-flex w-100\"><strong>Textura<\/strong>:\u00a0\u00a0Foresta<\/div>\n","protected":false},"excerpt":{"rendered":"<p>Dakota Haciendo referencia al estilo particular de construcci\u00f3n de Am\u00e9rica del Norte, este dise\u00f1o de madera Roble tableteada cuenta con una estructura \u00fanica y original que puede ser aplicada en ambientes de estilo industrial y vanguardista. &nbsp; Categor\u00eda:\u00a0\u00a0Maderado Colecci\u00f3n:\u00a0\u00a0Nuevo Lanzamiento Vitta Dise\u00f1o:\u00a0\u00a0Dakota Marca:\u00a0\u00a0Arauco Melamina Textura:\u00a0\u00a0Foresta<\/p>\n","protected":false},"featured_media":1463,"comment_status":"open","ping_status":"closed","template":"","meta":[],"product_brand":[],"product_cat":[71],"product_tag":[41,151,57,127],"class_list":{"0":"post-1454","1":"product","2":"type-product","3":"status-publish","4":"has-post-thumbnail","6":"product_cat-mdf-arauco","7":"product_tag-arauco","8":"product_tag-dakota","9":"product_tag-foresta","10":"product_tag-mdf-melamina","12":"first","13":"instock","14":"taxable","15":"shipping-taxable","16":"product-type-simple"},"_links":{"self":[{"href":"https:\/\/www.mastriplay.com\/portal\/wp-json\/wp\/v2\/product\/1454","targetHints":{"allow":["GET"]}}],"collection":[{"href":"https:\/\/www.mastriplay.com\/portal\/wp-json\/wp\/v2\/product"}],"about":[{"href":"https:\/\/www.mastriplay.com\/portal\/wp-json\/wp\/v2\/types\/product"}],"replies":[{"embeddable":true,"href":"https:\/\/www.mastriplay.com\/portal\/wp-json\/wp\/v2\/comments?post=1454"}],"version-history":[{"count":3,"href":"https:\/\/www.mastriplay.com\/portal\/wp-json\/wp\/v2\/product\/1454\/revisions"}],"predecessor-version":[{"id":3112,"href":"https:\/\/www.mastriplay.com\/portal\/wp-json\/wp\/v2\/product\/1454\/revisions\/3112"}],"wp:featuredmedia":[{"embeddable":true,"href":"https:\/\/www.mastriplay.com\/portal\/wp-json\/wp\/v2\/media\/1463"}],"wp:attachment":[{"href":"https:\/\/www.mastriplay.com\/portal\/wp-json\/wp\/v2\/media?parent=1454"}],"wp:term":[{"taxonomy":"product_brand","embeddable":true,"href":"https:\/\/www.mastriplay.com\/portal\/wp-json\/wp\/v2\/product_brand?post=1454"},{"taxonomy":"product_cat","embeddable":true,"href":"https:\/\/www.mastriplay.com\/portal\/wp-json\/wp\/v2\/product_cat?post=1454"},{"taxonomy":"product_tag","embeddable":true,"href":"https:\/\/www.mastriplay.com\/portal\/wp-json\/wp\/v2\/product_tag?post=1454"}],"curies":[{"name":"wp","href":"https:\/\/api.w.org\/{rel}","templated":true}]}}