{"id":1429,"date":"2024-01-21T23:26:29","date_gmt":"2024-01-22T05:26:29","guid":{"rendered":"http:\/\/www.mastriplay.com\/portal\/?post_type=product&#038;p=1429"},"modified":"2024-02-07T21:42:51","modified_gmt":"2024-02-08T03:42:51","slug":"arauco-mdf-melamina-cerezo-mate","status":"publish","type":"product","link":"https:\/\/www.mastriplay.com\/portal\/product\/arauco-mdf-melamina-cerezo-mate\/","title":{"rendered":"Arauco MDF Melamina Cerezo Mate"},"content":{"rendered":"<div class=\"name font-02 fs-06 m-t-40 m-b-20 text-uppercase\">\n<h1 class=\"fs-06\">CEREZO<\/h1>\n<\/div>\n<div class=\"description fs-03\">Madera cl\u00e1sica color marr\u00f3n rojizo con un caracter\u00edstico veteado f\u00e1cil de combinar. Dise\u00f1o ideal para los espacios tradicionales.<\/div>\n<div><\/div>\n<div>\n<div class=\"d-flex w-100\">\n<div class=\"d-flex v-center w-100 p-12 bd-t bd-b bd-r bd-l bg-06\"><strong>Categor\u00eda<\/strong>:\u00a0\u00a0Maderado<\/div>\n<\/div>\n<div class=\"d-flex w-100\">\n<div class=\"d-flex v-center w-100 p-12 bd-b bd-r bd-l bg-06\"><strong>Colecci\u00f3n<\/strong>:\u00a0\u00a0Contemporaneos<\/div>\n<\/div>\n<div class=\"d-flex w-100\">\n<div class=\"d-flex v-center w-100 p-12 bd-b bd-r bd-l bg-06\"><strong>Dise\u00f1o<\/strong>:\u00a0\u00a0Cerezo<\/div>\n<\/div>\n<div class=\"d-flex w-100\">\n<div class=\"d-flex v-center w-100 p-12 bd-b bd-r bd-l bg-06\"><strong>Marca<\/strong>:\u00a0\u00a0Arauco Melamina<\/div>\n<\/div>\n<div class=\"d-flex w-100\">\n<div class=\"d-flex v-center w-100 p-12 bd-b bd-r h-center\"><strong>Textura<\/strong>:\u00a0 Mate<\/div>\n<\/div>\n<\/div>\n","protected":false},"excerpt":{"rendered":"<p>CEREZO Madera cl\u00e1sica color marr\u00f3n rojizo con un caracter\u00edstico veteado f\u00e1cil de combinar. Dise\u00f1o ideal para los espacios tradicionales. Categor\u00eda:\u00a0\u00a0Maderado Colecci\u00f3n:\u00a0\u00a0Contemporaneos Dise\u00f1o:\u00a0\u00a0Cerezo Marca:\u00a0\u00a0Arauco Melamina Textura:\u00a0 Mate<\/p>\n","protected":false},"featured_media":1430,"comment_status":"open","ping_status":"closed","template":"","meta":[],"product_brand":[],"product_cat":[71],"product_tag":[41,119,53,149],"class_list":{"0":"post-1429","1":"product","2":"type-product","3":"status-publish","4":"has-post-thumbnail","6":"product_cat-mdf-arauco","7":"product_tag-arauco","8":"product_tag-cerezo-mate","9":"product_tag-mate","10":"product_tag-mdf","12":"first","13":"instock","14":"taxable","15":"shipping-taxable","16":"product-type-simple"},"_links":{"self":[{"href":"https:\/\/www.mastriplay.com\/portal\/wp-json\/wp\/v2\/product\/1429","targetHints":{"allow":["GET"]}}],"collection":[{"href":"https:\/\/www.mastriplay.com\/portal\/wp-json\/wp\/v2\/product"}],"about":[{"href":"https:\/\/www.mastriplay.com\/portal\/wp-json\/wp\/v2\/types\/product"}],"replies":[{"embeddable":true,"href":"https:\/\/www.mastriplay.com\/portal\/wp-json\/wp\/v2\/comments?post=1429"}],"version-history":[{"count":4,"href":"https:\/\/www.mastriplay.com\/portal\/wp-json\/wp\/v2\/product\/1429\/revisions"}],"predecessor-version":[{"id":3110,"href":"https:\/\/www.mastriplay.com\/portal\/wp-json\/wp\/v2\/product\/1429\/revisions\/3110"}],"wp:featuredmedia":[{"embeddable":true,"href":"https:\/\/www.mastriplay.com\/portal\/wp-json\/wp\/v2\/media\/1430"}],"wp:attachment":[{"href":"https:\/\/www.mastriplay.com\/portal\/wp-json\/wp\/v2\/media?parent=1429"}],"wp:term":[{"taxonomy":"product_brand","embeddable":true,"href":"https:\/\/www.mastriplay.com\/portal\/wp-json\/wp\/v2\/product_brand?post=1429"},{"taxonomy":"product_cat","embeddable":true,"href":"https:\/\/www.mastriplay.com\/portal\/wp-json\/wp\/v2\/product_cat?post=1429"},{"taxonomy":"product_tag","embeddable":true,"href":"https:\/\/www.mastriplay.com\/portal\/wp-json\/wp\/v2\/product_tag?post=1429"}],"curies":[{"name":"wp","href":"https:\/\/api.w.org\/{rel}","templated":true}]}}