{"id":1374,"date":"2024-01-21T01:56:44","date_gmt":"2024-01-21T07:56:44","guid":{"rendered":"http:\/\/www.mastriplay.com\/portal\/?post_type=product&#038;p=1374"},"modified":"2024-02-07T19:38:31","modified_gmt":"2024-02-08T01:38:31","slug":"roble-merida","status":"publish","type":"product","link":"https:\/\/www.mastriplay.com\/portal\/product\/roble-merida\/","title":{"rendered":"Arauco Melamina Roble Merida"},"content":{"rendered":"<div class=\"name font-02 fs-06 m-t-40 m-b-20 text-uppercase\">\n<h1 class=\"fs-06\">ROBLE M\u00c9RIDA<\/h1>\n<\/div>\n<div class=\"description fs-03\">Dise\u00f1o maderado en tonalidad clara y natural con detalles de vetas y catedrales en tonalidades marr\u00f3n claro. Perfecto para cualquier ambiente.<\/div>\n<div><\/div>\n<div>\n<div class=\"d-flex w-100\">\n<div class=\"d-flex v-center w-100 p-12 bd-t bd-b bd-r bd-l bg-06\"><strong>Categor\u00eda<\/strong>:\u00a0\u00a0Maderado<\/div>\n<\/div>\n<div class=\"d-flex w-100\">\n<div class=\"d-flex v-center w-100 p-12 bd-b bd-r bd-l bg-06\"><strong>Colecci\u00f3n<\/strong>:\u00a0 Vanguardia<\/div>\n<\/div>\n<div class=\"d-flex w-100\">\n<div class=\"d-flex v-center w-100 p-12 bd-b bd-r bd-l bg-06\"><strong>Dise\u00f1o<\/strong>:\u00a0\u00a0Roble M\u00e9rida<\/div>\n<\/div>\n<div class=\"d-flex w-100\">\n<div class=\"d-flex v-center w-100 p-12 bd-b bd-r bd-l bg-06\"><strong>Marca<\/strong>:\u00a0\u00a0Arauco Melamina<\/div>\n<\/div>\n<div class=\"d-flex w-100\"><strong>Textura<\/strong>:\u00a0 Foresta<\/div>\n<\/div>\n<div><\/div>\n","protected":false},"excerpt":{"rendered":"<p>ROBLE M\u00c9RIDA Dise\u00f1o maderado en tonalidad clara y natural con detalles de vetas y catedrales en tonalidades marr\u00f3n claro. Perfecto para cualquier ambiente. Categor\u00eda:\u00a0\u00a0Maderado Colecci\u00f3n:\u00a0 Vanguardia Dise\u00f1o:\u00a0\u00a0Roble M\u00e9rida Marca:\u00a0\u00a0Arauco Melamina Textura:\u00a0 Foresta<\/p>\n","protected":false},"featured_media":1375,"comment_status":"open","ping_status":"closed","template":"","meta":[],"product_brand":[],"product_cat":[31],"product_tag":[41,47,143],"class_list":{"0":"post-1374","1":"product","2":"type-product","3":"status-publish","4":"has-post-thumbnail","6":"product_cat-melamina","7":"product_tag-arauco","8":"product_tag-melamina-aglomerado","9":"product_tag-roble-merida","11":"first","12":"instock","13":"taxable","14":"shipping-taxable","15":"product-type-simple"},"_links":{"self":[{"href":"https:\/\/www.mastriplay.com\/portal\/wp-json\/wp\/v2\/product\/1374","targetHints":{"allow":["GET"]}}],"collection":[{"href":"https:\/\/www.mastriplay.com\/portal\/wp-json\/wp\/v2\/product"}],"about":[{"href":"https:\/\/www.mastriplay.com\/portal\/wp-json\/wp\/v2\/types\/product"}],"replies":[{"embeddable":true,"href":"https:\/\/www.mastriplay.com\/portal\/wp-json\/wp\/v2\/comments?post=1374"}],"version-history":[{"count":4,"href":"https:\/\/www.mastriplay.com\/portal\/wp-json\/wp\/v2\/product\/1374\/revisions"}],"predecessor-version":[{"id":3089,"href":"https:\/\/www.mastriplay.com\/portal\/wp-json\/wp\/v2\/product\/1374\/revisions\/3089"}],"wp:featuredmedia":[{"embeddable":true,"href":"https:\/\/www.mastriplay.com\/portal\/wp-json\/wp\/v2\/media\/1375"}],"wp:attachment":[{"href":"https:\/\/www.mastriplay.com\/portal\/wp-json\/wp\/v2\/media?parent=1374"}],"wp:term":[{"taxonomy":"product_brand","embeddable":true,"href":"https:\/\/www.mastriplay.com\/portal\/wp-json\/wp\/v2\/product_brand?post=1374"},{"taxonomy":"product_cat","embeddable":true,"href":"https:\/\/www.mastriplay.com\/portal\/wp-json\/wp\/v2\/product_cat?post=1374"},{"taxonomy":"product_tag","embeddable":true,"href":"https:\/\/www.mastriplay.com\/portal\/wp-json\/wp\/v2\/product_tag?post=1374"}],"curies":[{"name":"wp","href":"https:\/\/api.w.org\/{rel}","templated":true}]}}