{"id":1339,"date":"2024-01-21T00:32:25","date_gmt":"2024-01-21T06:32:25","guid":{"rendered":"http:\/\/www.mastriplay.com\/portal\/?post_type=product&#038;p=1339"},"modified":"2024-02-07T19:11:12","modified_gmt":"2024-02-08T01:11:12","slug":"cerezo-mate","status":"publish","type":"product","link":"https:\/\/www.mastriplay.com\/portal\/product\/cerezo-mate\/","title":{"rendered":"Arauco Melamina Cerezo Mate"},"content":{"rendered":"<div class=\"name font-02 fs-06 m-t-40 m-b-20 text-uppercase\">\n<h1 class=\"fs-06\">CEREZO Mate<\/h1>\n<\/div>\n<div class=\"description fs-03\">Madera cl\u00e1sica color marr\u00f3n rojizo con un caracter\u00edstico veteado f\u00e1cil de combinar. Dise\u00f1o ideal para los espacios tradicionales.<\/div>\n<div><\/div>\n<div><\/div>\n","protected":false},"excerpt":{"rendered":"<p>CEREZO Mate Madera cl\u00e1sica color marr\u00f3n rojizo con un caracter\u00edstico veteado f\u00e1cil de combinar. Dise\u00f1o ideal para los espacios tradicionales.<\/p>\n","protected":false},"featured_media":1340,"comment_status":"open","ping_status":"closed","template":"","meta":[],"product_brand":[],"product_cat":[31],"product_tag":[41,119,47],"class_list":{"0":"post-1339","1":"product","2":"type-product","3":"status-publish","4":"has-post-thumbnail","6":"product_cat-melamina","7":"product_tag-arauco","8":"product_tag-cerezo-mate","9":"product_tag-melamina-aglomerado","11":"first","12":"instock","13":"taxable","14":"shipping-taxable","15":"product-type-simple"},"_links":{"self":[{"href":"https:\/\/www.mastriplay.com\/portal\/wp-json\/wp\/v2\/product\/1339","targetHints":{"allow":["GET"]}}],"collection":[{"href":"https:\/\/www.mastriplay.com\/portal\/wp-json\/wp\/v2\/product"}],"about":[{"href":"https:\/\/www.mastriplay.com\/portal\/wp-json\/wp\/v2\/types\/product"}],"replies":[{"embeddable":true,"href":"https:\/\/www.mastriplay.com\/portal\/wp-json\/wp\/v2\/comments?post=1339"}],"version-history":[{"count":4,"href":"https:\/\/www.mastriplay.com\/portal\/wp-json\/wp\/v2\/product\/1339\/revisions"}],"predecessor-version":[{"id":3073,"href":"https:\/\/www.mastriplay.com\/portal\/wp-json\/wp\/v2\/product\/1339\/revisions\/3073"}],"wp:featuredmedia":[{"embeddable":true,"href":"https:\/\/www.mastriplay.com\/portal\/wp-json\/wp\/v2\/media\/1340"}],"wp:attachment":[{"href":"https:\/\/www.mastriplay.com\/portal\/wp-json\/wp\/v2\/media?parent=1339"}],"wp:term":[{"taxonomy":"product_brand","embeddable":true,"href":"https:\/\/www.mastriplay.com\/portal\/wp-json\/wp\/v2\/product_brand?post=1339"},{"taxonomy":"product_cat","embeddable":true,"href":"https:\/\/www.mastriplay.com\/portal\/wp-json\/wp\/v2\/product_cat?post=1339"},{"taxonomy":"product_tag","embeddable":true,"href":"https:\/\/www.mastriplay.com\/portal\/wp-json\/wp\/v2\/product_tag?post=1339"}],"curies":[{"name":"wp","href":"https:\/\/api.w.org\/{rel}","templated":true}]}}