{"id":1320,"date":"2024-01-19T23:17:49","date_gmt":"2024-01-20T05:17:49","guid":{"rendered":"http:\/\/www.mastriplay.com\/portal\/?post_type=product&#038;p=1320"},"modified":"2024-02-07T17:15:16","modified_gmt":"2024-02-07T23:15:16","slug":"anahuac-labrada","status":"publish","type":"product","link":"https:\/\/www.mastriplay.com\/portal\/product\/anahuac-labrada\/","title":{"rendered":"Arauco Melamina Anahuac Labrada"},"content":{"rendered":"<div class=\"name font-02 fs-06 m-t-40 m-b-20 text-uppercase\">\n<h1 class=\"fs-06\">AN\u00c1HUAC LABRADA<\/h1>\n<\/div>\n<div class=\"description fs-03\">Dise\u00f1o maderado en una conjugaci\u00f3n de tonos marr\u00f3n oscuro gris\u00e1seo y detalles de luz en tonalidades fr\u00edas que lo convierten en un dise\u00f1o elegante y moderno.<\/div>\n<div><\/div>\n<div>\n<div class=\"d-flex w-100\">\n<div class=\"d-flex v-center w-100 p-12 bd-t bd-b bd-r bd-l bg-06\"><strong>Categor\u00eda:\u00a0\u00a0<\/strong>Maderado<\/div>\n<\/div>\n<div class=\"d-flex w-100\">\n<div class=\"d-flex v-center w-100 p-12 bd-b bd-r bd-l bg-06\"><strong>Colecci\u00f3n:\u00a0<\/strong>Vanguardia<\/div>\n<\/div>\n<div class=\"d-flex w-100\">\n<div class=\"d-flex v-center w-100 p-12 bd-b bd-r bd-l bg-06\"><strong>Dise\u00f1o:\u00a0<\/strong>An\u00e1huac<\/div>\n<\/div>\n<div class=\"d-flex w-100\">\n<div class=\"d-flex v-center w-100 p-12 bd-b bd-r bd-l bg-06\"><strong>Textura:\u00a0<\/strong>Foresta<\/div>\n<\/div>\n<\/div>\n<div><\/div>\n","protected":false},"excerpt":{"rendered":"<p>AN\u00c1HUAC LABRADA Dise\u00f1o maderado en una conjugaci\u00f3n de tonos marr\u00f3n oscuro gris\u00e1seo y detalles de luz en tonalidades fr\u00edas que lo convierten en un dise\u00f1o elegante y moderno. Categor\u00eda:\u00a0\u00a0Maderado Colecci\u00f3n:\u00a0Vanguardia Dise\u00f1o:\u00a0An\u00e1huac Textura:\u00a0Foresta<\/p>\n","protected":false},"featured_media":1321,"comment_status":"open","ping_status":"closed","template":"","meta":[],"product_brand":[],"product_cat":[31],"product_tag":[137,41,47],"class_list":{"0":"post-1320","1":"product","2":"type-product","3":"status-publish","4":"has-post-thumbnail","6":"product_cat-melamina","7":"product_tag-anahuac","8":"product_tag-arauco","9":"product_tag-melamina-aglomerado","11":"first","12":"instock","13":"taxable","14":"shipping-taxable","15":"product-type-simple"},"_links":{"self":[{"href":"https:\/\/www.mastriplay.com\/portal\/wp-json\/wp\/v2\/product\/1320","targetHints":{"allow":["GET"]}}],"collection":[{"href":"https:\/\/www.mastriplay.com\/portal\/wp-json\/wp\/v2\/product"}],"about":[{"href":"https:\/\/www.mastriplay.com\/portal\/wp-json\/wp\/v2\/types\/product"}],"replies":[{"embeddable":true,"href":"https:\/\/www.mastriplay.com\/portal\/wp-json\/wp\/v2\/comments?post=1320"}],"version-history":[{"count":4,"href":"https:\/\/www.mastriplay.com\/portal\/wp-json\/wp\/v2\/product\/1320\/revisions"}],"predecessor-version":[{"id":3070,"href":"https:\/\/www.mastriplay.com\/portal\/wp-json\/wp\/v2\/product\/1320\/revisions\/3070"}],"wp:featuredmedia":[{"embeddable":true,"href":"https:\/\/www.mastriplay.com\/portal\/wp-json\/wp\/v2\/media\/1321"}],"wp:attachment":[{"href":"https:\/\/www.mastriplay.com\/portal\/wp-json\/wp\/v2\/media?parent=1320"}],"wp:term":[{"taxonomy":"product_brand","embeddable":true,"href":"https:\/\/www.mastriplay.com\/portal\/wp-json\/wp\/v2\/product_brand?post=1320"},{"taxonomy":"product_cat","embeddable":true,"href":"https:\/\/www.mastriplay.com\/portal\/wp-json\/wp\/v2\/product_cat?post=1320"},{"taxonomy":"product_tag","embeddable":true,"href":"https:\/\/www.mastriplay.com\/portal\/wp-json\/wp\/v2\/product_tag?post=1320"}],"curies":[{"name":"wp","href":"https:\/\/api.w.org\/{rel}","templated":true}]}}