{"id":1150,"date":"2024-01-15T14:23:40","date_gmt":"2024-01-15T20:23:40","guid":{"rendered":"http:\/\/www.mastriplay.com\/portal\/?post_type=product&#038;p=1150"},"modified":"2024-02-08T23:03:41","modified_gmt":"2024-02-09T05:03:41","slug":"oxid-04-grafitt","status":"publish","type":"product","link":"https:\/\/www.mastriplay.com\/portal\/product\/oxid-04-grafitt\/","title":{"rendered":"Oxid 04 Grafitt"},"content":{"rendered":"<h1 class=\"title fade aos-init aos-animate\" data-aos-delay=\"400\" data-aos=\"custom-fade\">Oxid 04 Grafitt<\/h1>\n<p class=\"introtext fade aos-init aos-animate\" data-aos-delay=\"600\" data-aos=\"custom-fade\">La reinterpretaci\u00f3n y belleza del efecto metal oxidado.<\/p>\n<h2 class=\"heading\">Efecto metal oxidado<\/h2>\n<div class=\"text-editor\">\n<p><span data-sheets-value=\"{&quot;1&quot;:2,&quot;2&quot;:&quot;La inspiraci\u00f3n en el metal oxidado hace que el dise\u00f1o Oxid 01 aporte un toque vintage y envejecido en tonos grises. La colecci\u00f3n est\u00e1 formada por una amplia variedad crom\u00e1tica est\u00e1 concebida para crear espacios c\u00e1lidos y oto\u00f1ales. &quot;}\" data-sheets-userformat=\"{&quot;2&quot;:2561,&quot;3&quot;:{&quot;1&quot;:0},&quot;12&quot;:0,&quot;14&quot;:{&quot;1&quot;:2,&quot;2&quot;:16711680}}\">La inspiraci\u00f3n en el metal oxidado hace que el dise\u00f1o Oxid 01 aporte un toque vintage y envejecido en tonos grises. La colecci\u00f3n est\u00e1 formada por una amplia variedad crom\u00e1tica est\u00e1 concebida para crear espacios c\u00e1lidos y oto\u00f1ales.<\/span><\/p>\n<\/div>\n","protected":false},"excerpt":{"rendered":"<p>Oxid 04 Grafitt La reinterpretaci\u00f3n y belleza del efecto metal oxidado. Efecto metal oxidado La inspiraci\u00f3n en el metal oxidado hace que el dise\u00f1o Oxid 01 aporte un toque vintage y envejecido en tonos grises. La colecci\u00f3n est\u00e1 formada por una amplia variedad crom\u00e1tica est\u00e1 concebida para crear espacios c\u00e1lidos y oto\u00f1ales.<\/p>\n","protected":false},"featured_media":1152,"comment_status":"open","ping_status":"closed","template":"","meta":[],"product_brand":[],"product_cat":[83],"product_tag":[37,105,103],"class_list":{"0":"post-1150","1":"product","2":"type-product","3":"status-publish","4":"has-post-thumbnail","6":"product_cat-smp-alvic","7":"product_tag-alvic","8":"product_tag-oxid-04-grafitt","9":"product_tag-syncron","11":"first","12":"instock","13":"taxable","14":"shipping-taxable","15":"product-type-simple"},"_links":{"self":[{"href":"https:\/\/www.mastriplay.com\/portal\/wp-json\/wp\/v2\/product\/1150","targetHints":{"allow":["GET"]}}],"collection":[{"href":"https:\/\/www.mastriplay.com\/portal\/wp-json\/wp\/v2\/product"}],"about":[{"href":"https:\/\/www.mastriplay.com\/portal\/wp-json\/wp\/v2\/types\/product"}],"replies":[{"embeddable":true,"href":"https:\/\/www.mastriplay.com\/portal\/wp-json\/wp\/v2\/comments?post=1150"}],"version-history":[{"count":3,"href":"https:\/\/www.mastriplay.com\/portal\/wp-json\/wp\/v2\/product\/1150\/revisions"}],"predecessor-version":[{"id":3246,"href":"https:\/\/www.mastriplay.com\/portal\/wp-json\/wp\/v2\/product\/1150\/revisions\/3246"}],"wp:featuredmedia":[{"embeddable":true,"href":"https:\/\/www.mastriplay.com\/portal\/wp-json\/wp\/v2\/media\/1152"}],"wp:attachment":[{"href":"https:\/\/www.mastriplay.com\/portal\/wp-json\/wp\/v2\/media?parent=1150"}],"wp:term":[{"taxonomy":"product_brand","embeddable":true,"href":"https:\/\/www.mastriplay.com\/portal\/wp-json\/wp\/v2\/product_brand?post=1150"},{"taxonomy":"product_cat","embeddable":true,"href":"https:\/\/www.mastriplay.com\/portal\/wp-json\/wp\/v2\/product_cat?post=1150"},{"taxonomy":"product_tag","embeddable":true,"href":"https:\/\/www.mastriplay.com\/portal\/wp-json\/wp\/v2\/product_tag?post=1150"}],"curies":[{"name":"wp","href":"https:\/\/api.w.org\/{rel}","templated":true}]}}