{"id":1128,"date":"2024-01-15T13:20:52","date_gmt":"2024-01-15T19:20:52","guid":{"rendered":"http:\/\/www.mastriplay.com\/portal\/?post_type=product&#038;p=1128"},"modified":"2024-02-08T22:51:53","modified_gmt":"2024-02-09T04:51:53","slug":"gris-perla","status":"publish","type":"product","link":"https:\/\/www.mastriplay.com\/portal\/product\/gris-perla\/","title":{"rendered":"Gris Perla"},"content":{"rendered":"<h1 class=\"title fade aos-init aos-animate\" data-aos-delay=\"400\" data-aos=\"custom-fade\">Gris Perla<\/h1>\n<p class=\"introtext fade aos-init aos-animate\" data-aos-delay=\"600\" data-aos=\"custom-fade\">De tendencia y vanguardista, el Gris Perla es un monocolor neutro que permite una enorme versatilidad compositiva creando proyectos \u00fanicos de decoraci\u00f3n de interior.<\/p>\n<h2 class=\"heading\">El rey de los neutros<\/h2>\n<div class=\"text-editor\">\n<p><span data-sheets-value=\"{&quot;1&quot;:2,&quot;2&quot;:&quot;El Gris Perla es el gris m\u00e1s claro de la colecci\u00f3n. El dise\u00f1o se convierte en una perfecta transici\u00f3n entre la gama de dise\u00f1os claros y los de tonalidad oscura. Se convierte en un perfecto comod\u00edn en la decoraci\u00f3n de interior&quot;}\" data-sheets-userformat=\"{&quot;2&quot;:2561,&quot;3&quot;:{&quot;1&quot;:0},&quot;12&quot;:0,&quot;14&quot;:{&quot;1&quot;:2,&quot;2&quot;:16711680}}\">El Gris Perla es el gris m\u00e1s claro de la colecci\u00f3n. El dise\u00f1o se convierte en una perfecta transici\u00f3n entre la gama de dise\u00f1os claros y los de tonalidad oscura. Se convierte en un perfecto comod\u00edn en la decoraci\u00f3n de interior<\/span><\/p>\n<\/div>\n<p>&nbsp;<\/p>\n","protected":false},"excerpt":{"rendered":"<p>Gris Perla De tendencia y vanguardista, el Gris Perla es un monocolor neutro que permite una enorme versatilidad compositiva creando proyectos \u00fanicos de decoraci\u00f3n de interior. El rey de los neutros El Gris Perla es el gris m\u00e1s claro de la colecci\u00f3n. El dise\u00f1o se convierte en una perfecta transici\u00f3n entre la gama de dise\u00f1os [&hellip;]<\/p>\n","protected":false},"featured_media":1129,"comment_status":"open","ping_status":"closed","template":"","meta":[],"product_brand":[],"product_cat":[85],"product_tag":[37,100,91,95],"class_list":{"0":"post-1128","1":"product","2":"type-product","3":"status-publish","4":"has-post-thumbnail","6":"product_cat-zenit-alvic","7":"product_tag-alvic","8":"product_tag-gris-perla","9":"product_tag-super-mate","10":"product_tag-zenit","12":"first","13":"instock","14":"taxable","15":"shipping-taxable","16":"product-type-simple"},"_links":{"self":[{"href":"https:\/\/www.mastriplay.com\/portal\/wp-json\/wp\/v2\/product\/1128","targetHints":{"allow":["GET"]}}],"collection":[{"href":"https:\/\/www.mastriplay.com\/portal\/wp-json\/wp\/v2\/product"}],"about":[{"href":"https:\/\/www.mastriplay.com\/portal\/wp-json\/wp\/v2\/types\/product"}],"replies":[{"embeddable":true,"href":"https:\/\/www.mastriplay.com\/portal\/wp-json\/wp\/v2\/comments?post=1128"}],"version-history":[{"count":4,"href":"https:\/\/www.mastriplay.com\/portal\/wp-json\/wp\/v2\/product\/1128\/revisions"}],"predecessor-version":[{"id":3238,"href":"https:\/\/www.mastriplay.com\/portal\/wp-json\/wp\/v2\/product\/1128\/revisions\/3238"}],"wp:featuredmedia":[{"embeddable":true,"href":"https:\/\/www.mastriplay.com\/portal\/wp-json\/wp\/v2\/media\/1129"}],"wp:attachment":[{"href":"https:\/\/www.mastriplay.com\/portal\/wp-json\/wp\/v2\/media?parent=1128"}],"wp:term":[{"taxonomy":"product_brand","embeddable":true,"href":"https:\/\/www.mastriplay.com\/portal\/wp-json\/wp\/v2\/product_brand?post=1128"},{"taxonomy":"product_cat","embeddable":true,"href":"https:\/\/www.mastriplay.com\/portal\/wp-json\/wp\/v2\/product_cat?post=1128"},{"taxonomy":"product_tag","embeddable":true,"href":"https:\/\/www.mastriplay.com\/portal\/wp-json\/wp\/v2\/product_tag?post=1128"}],"curies":[{"name":"wp","href":"https:\/\/api.w.org\/{rel}","templated":true}]}}