{"id":1105,"date":"2024-01-15T12:47:13","date_gmt":"2024-01-15T18:47:13","guid":{"rendered":"http:\/\/www.mastriplay.com\/portal\/?post_type=product&#038;p=1105"},"modified":"2024-02-08T21:36:04","modified_gmt":"2024-02-09T03:36:04","slug":"basalto","status":"publish","type":"product","link":"https:\/\/www.mastriplay.com\/portal\/product\/basalto\/","title":{"rendered":"Basalto"},"content":{"rendered":"<h1 class=\"title fade aos-init aos-animate\" data-aos-delay=\"400\" data-aos=\"custom-fade\">Basalto<\/h1>\n<p class=\"introtext fade aos-init aos-animate\" data-aos-delay=\"600\" data-aos=\"custom-fade\">Un detalle que no falla para la decoraci\u00f3n de cualquier estancia<\/p>\n<h2 class=\"heading\">Un dise\u00f1o atemporal y din\u00e1mico<\/h2>\n<div class=\"text-editor\">\n<p>El Basalto se convierte en un dise\u00f1o monocolor entre marr\u00f3n, morado y gris que da mucho juego y dinamismo en la decoraci\u00f3n de estancias como la cocina.<\/p>\n<\/div>\n<p>&nbsp;<\/p>\n","protected":false},"excerpt":{"rendered":"<p>Basalto Un detalle que no falla para la decoraci\u00f3n de cualquier estancia Un dise\u00f1o atemporal y din\u00e1mico El Basalto se convierte en un dise\u00f1o monocolor entre marr\u00f3n, morado y gris que da mucho juego y dinamismo en la decoraci\u00f3n de estancias como la cocina. &nbsp;<\/p>\n","protected":false},"featured_media":1106,"comment_status":"open","ping_status":"closed","template":"","meta":[],"product_brand":[],"product_cat":[85],"product_tag":[37,94,91,95],"class_list":{"0":"post-1105","1":"product","2":"type-product","3":"status-publish","4":"has-post-thumbnail","6":"product_cat-zenit-alvic","7":"product_tag-alvic","8":"product_tag-basalto","9":"product_tag-super-mate","10":"product_tag-zenit","12":"first","13":"instock","14":"taxable","15":"shipping-taxable","16":"product-type-simple"},"_links":{"self":[{"href":"https:\/\/www.mastriplay.com\/portal\/wp-json\/wp\/v2\/product\/1105","targetHints":{"allow":["GET"]}}],"collection":[{"href":"https:\/\/www.mastriplay.com\/portal\/wp-json\/wp\/v2\/product"}],"about":[{"href":"https:\/\/www.mastriplay.com\/portal\/wp-json\/wp\/v2\/types\/product"}],"replies":[{"embeddable":true,"href":"https:\/\/www.mastriplay.com\/portal\/wp-json\/wp\/v2\/comments?post=1105"}],"version-history":[{"count":3,"href":"https:\/\/www.mastriplay.com\/portal\/wp-json\/wp\/v2\/product\/1105\/revisions"}],"predecessor-version":[{"id":3228,"href":"https:\/\/www.mastriplay.com\/portal\/wp-json\/wp\/v2\/product\/1105\/revisions\/3228"}],"wp:featuredmedia":[{"embeddable":true,"href":"https:\/\/www.mastriplay.com\/portal\/wp-json\/wp\/v2\/media\/1106"}],"wp:attachment":[{"href":"https:\/\/www.mastriplay.com\/portal\/wp-json\/wp\/v2\/media?parent=1105"}],"wp:term":[{"taxonomy":"product_brand","embeddable":true,"href":"https:\/\/www.mastriplay.com\/portal\/wp-json\/wp\/v2\/product_brand?post=1105"},{"taxonomy":"product_cat","embeddable":true,"href":"https:\/\/www.mastriplay.com\/portal\/wp-json\/wp\/v2\/product_cat?post=1105"},{"taxonomy":"product_tag","embeddable":true,"href":"https:\/\/www.mastriplay.com\/portal\/wp-json\/wp\/v2\/product_tag?post=1105"}],"curies":[{"name":"wp","href":"https:\/\/api.w.org\/{rel}","templated":true}]}}